{"id":59,"date":"2023-05-17T19:19:42","date_gmt":"2023-05-17T17:19:42","guid":{"rendered":"https:\/\/www.droppedcc.sk\/?page_id=59"},"modified":"2026-01-23T14:37:45","modified_gmt":"2026-01-23T13:37:45","slug":"members","status":"publish","type":"page","link":"https:\/\/www.droppedcc.sk\/?page_id=59","title":{"rendered":"MEMBERS"},"content":{"rendered":"\n<p class=\"has-small-font-size\"><em>po kliknut\u00ed na fotku sa V\u00e1m otvor\u00ed Strava \u00fa\u010det<\/em><\/p>\n\n\n\n<p><\/p>\n\n\n\n<figure class=\"wp-block-gallery has-nested-images columns-default is-cropped wp-block-gallery-1 is-layout-flex wp-block-gallery-is-layout-flex\">\n<figure class=\"wp-block-image size-large\"><a href=\"https:\/\/www.strava.com\/athletes\/5235322?oq=r%C3%B3bert\" target=\"_blank\" rel=\"noreferrer noopener\"><img loading=\"lazy\" decoding=\"async\" width=\"683\" height=\"1024\" data-id=\"167\" src=\"https:\/\/www.droppedcc.sk\/wp-content\/uploads\/2025\/09\/DCC-Atelier-2-2997_Original-1-683x1024.jpg\" alt=\"\" class=\"wp-image-167\" srcset=\"https:\/\/www.droppedcc.sk\/wp-content\/uploads\/2025\/09\/DCC-Atelier-2-2997_Original-1-683x1024.jpg 683w, https:\/\/www.droppedcc.sk\/wp-content\/uploads\/2025\/09\/DCC-Atelier-2-2997_Original-1-200x300.jpg 200w, https:\/\/www.droppedcc.sk\/wp-content\/uploads\/2025\/09\/DCC-Atelier-2-2997_Original-1-768x1152.jpg 768w, https:\/\/www.droppedcc.sk\/wp-content\/uploads\/2025\/09\/DCC-Atelier-2-2997_Original-1-1024x1536.jpg 1024w, https:\/\/www.droppedcc.sk\/wp-content\/uploads\/2025\/09\/DCC-Atelier-2-2997_Original-1.jpg 1365w\" sizes=\"(max-width: 683px) 100vw, 683px\" \/><\/a><\/figure>\n\n\n\n<figure class=\"wp-block-image size-large\"><a href=\"https:\/\/www.strava.com\/athletes\/16477616\" target=\"_blank\" rel=\"noreferrer noopener\"><img loading=\"lazy\" decoding=\"async\" width=\"683\" height=\"1024\" data-id=\"168\" src=\"https:\/\/www.droppedcc.sk\/wp-content\/uploads\/2025\/09\/DCC-Atelier-2032_Original-1-683x1024.jpg\" alt=\"\" class=\"wp-image-168\" srcset=\"https:\/\/www.droppedcc.sk\/wp-content\/uploads\/2025\/09\/DCC-Atelier-2032_Original-1-683x1024.jpg 683w, https:\/\/www.droppedcc.sk\/wp-content\/uploads\/2025\/09\/DCC-Atelier-2032_Original-1-200x300.jpg 200w, https:\/\/www.droppedcc.sk\/wp-content\/uploads\/2025\/09\/DCC-Atelier-2032_Original-1-768x1152.jpg 768w, https:\/\/www.droppedcc.sk\/wp-content\/uploads\/2025\/09\/DCC-Atelier-2032_Original-1-1024x1536.jpg 1024w, https:\/\/www.droppedcc.sk\/wp-content\/uploads\/2025\/09\/DCC-Atelier-2032_Original-1.jpg 1365w\" sizes=\"(max-width: 683px) 100vw, 683px\" \/><\/a><\/figure>\n\n\n\n<figure class=\"wp-block-image size-large\"><a href=\"https:\/\/www.strava.com\/athletes\/23093232?oq=maro%C5%A1\" target=\"_blank\" rel=\"noreferrer noopener\"><img loading=\"lazy\" decoding=\"async\" width=\"683\" height=\"1024\" data-id=\"169\" src=\"https:\/\/www.droppedcc.sk\/wp-content\/uploads\/2025\/09\/DCC-Atelier-2-2942_Original-1-683x1024.jpg\" alt=\"\" class=\"wp-image-169\" srcset=\"https:\/\/www.droppedcc.sk\/wp-content\/uploads\/2025\/09\/DCC-Atelier-2-2942_Original-1-683x1024.jpg 683w, https:\/\/www.droppedcc.sk\/wp-content\/uploads\/2025\/09\/DCC-Atelier-2-2942_Original-1-200x300.jpg 200w, https:\/\/www.droppedcc.sk\/wp-content\/uploads\/2025\/09\/DCC-Atelier-2-2942_Original-1-768x1152.jpg 768w, https:\/\/www.droppedcc.sk\/wp-content\/uploads\/2025\/09\/DCC-Atelier-2-2942_Original-1-1024x1536.jpg 1024w, https:\/\/www.droppedcc.sk\/wp-content\/uploads\/2025\/09\/DCC-Atelier-2-2942_Original-1.jpg 1365w\" sizes=\"(max-width: 683px) 100vw, 683px\" \/><\/a><\/figure>\n<figcaption class=\"blocks-gallery-caption wp-element-caption\"><strong>R\u00f3bert L\u00ed\u0161ka &#8211; <\/strong>predseda klubu, <strong>Miroslav Bielick\u00fd, Maro\u0161 Kolomazn\u00edk<\/strong><\/figcaption><\/figure>\n\n\n\n<div style=\"height:10px\" aria-hidden=\"true\" class=\"wp-block-spacer\"><\/div>\n\n\n\n<figure class=\"wp-block-gallery has-nested-images columns-default is-cropped wp-block-gallery-2 is-layout-flex wp-block-gallery-is-layout-flex\">\n<figure class=\"wp-block-image size-large\"><a href=\"https:\/\/www.strava.com\/athletes\/4305035?oq=matej\" target=\"_blank\" rel=\"noreferrer noopener\"><img loading=\"lazy\" decoding=\"async\" width=\"683\" height=\"1024\" data-id=\"170\" src=\"https:\/\/www.droppedcc.sk\/wp-content\/uploads\/2025\/09\/DCC-Atelier-2-3034_Original-1-683x1024.jpg\" alt=\"\" class=\"wp-image-170\" srcset=\"https:\/\/www.droppedcc.sk\/wp-content\/uploads\/2025\/09\/DCC-Atelier-2-3034_Original-1-683x1024.jpg 683w, https:\/\/www.droppedcc.sk\/wp-content\/uploads\/2025\/09\/DCC-Atelier-2-3034_Original-1-200x300.jpg 200w, https:\/\/www.droppedcc.sk\/wp-content\/uploads\/2025\/09\/DCC-Atelier-2-3034_Original-1-768x1152.jpg 768w, https:\/\/www.droppedcc.sk\/wp-content\/uploads\/2025\/09\/DCC-Atelier-2-3034_Original-1-1024x1536.jpg 1024w, https:\/\/www.droppedcc.sk\/wp-content\/uploads\/2025\/09\/DCC-Atelier-2-3034_Original-1.jpg 1365w\" sizes=\"(max-width: 683px) 100vw, 683px\" \/><\/a><\/figure>\n\n\n\n<figure class=\"wp-block-image size-large\"><a href=\"https:\/\/www.strava.com\/athletes\/76285677?oq=petr%20mach\" target=\"_blank\" rel=\"noreferrer noopener\"><img loading=\"lazy\" decoding=\"async\" width=\"683\" height=\"1024\" data-id=\"115\" src=\"https:\/\/www.droppedcc.sk\/wp-content\/uploads\/2025\/09\/DCC-Atelier-2038_Original-683x1024.jpg\" alt=\"\" class=\"wp-image-115\" srcset=\"https:\/\/www.droppedcc.sk\/wp-content\/uploads\/2025\/09\/DCC-Atelier-2038_Original-683x1024.jpg 683w, https:\/\/www.droppedcc.sk\/wp-content\/uploads\/2025\/09\/DCC-Atelier-2038_Original-200x300.jpg 200w, https:\/\/www.droppedcc.sk\/wp-content\/uploads\/2025\/09\/DCC-Atelier-2038_Original-768x1152.jpg 768w, https:\/\/www.droppedcc.sk\/wp-content\/uploads\/2025\/09\/DCC-Atelier-2038_Original-1024x1536.jpg 1024w, https:\/\/www.droppedcc.sk\/wp-content\/uploads\/2025\/09\/DCC-Atelier-2038_Original.jpg 1365w\" sizes=\"(max-width: 683px) 100vw, 683px\" \/><\/a><\/figure>\n\n\n\n<figure class=\"wp-block-image size-large\"><a href=\"https:\/\/www.strava.com\/athletes\/42691104?oq=radovan\" target=\"_blank\" rel=\"noreferrer noopener\"><img loading=\"lazy\" decoding=\"async\" width=\"683\" height=\"1024\" data-id=\"114\" src=\"https:\/\/www.droppedcc.sk\/wp-content\/uploads\/2025\/09\/DCC-Atelier-2081_Original-683x1024.jpg\" alt=\"\" class=\"wp-image-114\" srcset=\"https:\/\/www.droppedcc.sk\/wp-content\/uploads\/2025\/09\/DCC-Atelier-2081_Original-683x1024.jpg 683w, https:\/\/www.droppedcc.sk\/wp-content\/uploads\/2025\/09\/DCC-Atelier-2081_Original-200x300.jpg 200w, https:\/\/www.droppedcc.sk\/wp-content\/uploads\/2025\/09\/DCC-Atelier-2081_Original-768x1152.jpg 768w, https:\/\/www.droppedcc.sk\/wp-content\/uploads\/2025\/09\/DCC-Atelier-2081_Original-1024x1536.jpg 1024w, https:\/\/www.droppedcc.sk\/wp-content\/uploads\/2025\/09\/DCC-Atelier-2081_Original.jpg 1365w\" sizes=\"(max-width: 683px) 100vw, 683px\" \/><\/a><\/figure>\n<figcaption class=\"blocks-gallery-caption wp-element-caption\"><strong>Matej Valko, Petr Mach, Radovan Ko\u010dvara<\/strong><\/figcaption><\/figure>\n\n\n\n<div style=\"height:10px\" aria-hidden=\"true\" class=\"wp-block-spacer\"><\/div>\n\n\n\n<figure class=\"wp-block-gallery has-nested-images columns-default is-cropped wp-block-gallery-3 is-layout-flex wp-block-gallery-is-layout-flex\">\n<figure class=\"wp-block-image size-large\"><a href=\"https:\/\/www.strava.com\/athletes\/41903605?oq=lenka\" target=\"_blank\" rel=\"noreferrer noopener\"><img loading=\"lazy\" decoding=\"async\" width=\"683\" height=\"1024\" data-id=\"116\" src=\"https:\/\/www.droppedcc.sk\/wp-content\/uploads\/2025\/09\/DCC-Atelier-2-2955_Original-683x1024.jpg\" alt=\"\" class=\"wp-image-116\" srcset=\"https:\/\/www.droppedcc.sk\/wp-content\/uploads\/2025\/09\/DCC-Atelier-2-2955_Original-683x1024.jpg 683w, https:\/\/www.droppedcc.sk\/wp-content\/uploads\/2025\/09\/DCC-Atelier-2-2955_Original-200x300.jpg 200w, https:\/\/www.droppedcc.sk\/wp-content\/uploads\/2025\/09\/DCC-Atelier-2-2955_Original-768x1152.jpg 768w, https:\/\/www.droppedcc.sk\/wp-content\/uploads\/2025\/09\/DCC-Atelier-2-2955_Original-1024x1536.jpg 1024w, https:\/\/www.droppedcc.sk\/wp-content\/uploads\/2025\/09\/DCC-Atelier-2-2955_Original.jpg 1365w\" sizes=\"(max-width: 683px) 100vw, 683px\" \/><\/a><\/figure>\n\n\n\n<figure class=\"wp-block-image size-large\"><a href=\"https:\/\/www.strava.com\/athletes\/136304433?oq=Barbora\" target=\"_blank\" rel=\"noreferrer noopener\"><img loading=\"lazy\" decoding=\"async\" width=\"683\" height=\"1024\" data-id=\"217\" src=\"https:\/\/www.droppedcc.sk\/wp-content\/uploads\/2025\/11\/DCC-Atelier-2-3008-683x1024.jpg\" alt=\"\" class=\"wp-image-217\" srcset=\"https:\/\/www.droppedcc.sk\/wp-content\/uploads\/2025\/11\/DCC-Atelier-2-3008-683x1024.jpg 683w, https:\/\/www.droppedcc.sk\/wp-content\/uploads\/2025\/11\/DCC-Atelier-2-3008-200x300.jpg 200w, https:\/\/www.droppedcc.sk\/wp-content\/uploads\/2025\/11\/DCC-Atelier-2-3008-768x1152.jpg 768w, https:\/\/www.droppedcc.sk\/wp-content\/uploads\/2025\/11\/DCC-Atelier-2-3008-1024x1536.jpg 1024w, https:\/\/www.droppedcc.sk\/wp-content\/uploads\/2025\/11\/DCC-Atelier-2-3008.jpg 1365w\" sizes=\"(max-width: 683px) 100vw, 683px\" \/><\/a><\/figure>\n<figcaption class=\"blocks-gallery-caption wp-element-caption\"><strong>Lenka Smie\u0161kov\u00e1, Barbora \u0160imov\u00e1<\/strong><\/figcaption><\/figure>\n","protected":false},"excerpt":{"rendered":"<p>po kliknut\u00ed na fotku sa V\u00e1m otvor\u00ed Strava \u00fa\u010det<\/p>\n","protected":false},"author":1,"featured_media":193,"parent":0,"menu_order":0,"comment_status":"closed","ping_status":"closed","template":"","meta":{"_monsterinsights_skip_tracking":false,"_monsterinsights_sitenote_active":false,"_monsterinsights_sitenote_note":"","_monsterinsights_sitenote_category":0,"footnotes":""},"yoast_head":"<!-- This site is optimized with the Yoast SEO plugin v23.0 - https:\/\/yoast.com\/wordpress\/plugins\/seo\/ -->\n<title>MEMBERS - DROPPED CYCLING CLUB<\/title>\n<meta name=\"description\" content=\"\u010clenovia t\u00edmu Dropped Cycling Club, s\u00eddliaceho v Martine, v malebnom Turci.\" \/>\n<meta name=\"robots\" content=\"index, follow, max-snippet:-1, max-image-preview:large, max-video-preview:-1\" \/>\n<link rel=\"canonical\" href=\"https:\/\/www.droppedcc.sk\/?page_id=59\" \/>\n<meta property=\"og:locale\" content=\"sk_SK\" \/>\n<meta property=\"og:type\" content=\"article\" \/>\n<meta property=\"og:title\" content=\"MEMBERS - DROPPED CYCLING CLUB\" \/>\n<meta property=\"og:description\" content=\"\u010clenovia t\u00edmu Dropped Cycling Club, s\u00eddliaceho v Martine, v malebnom Turci.\" \/>\n<meta property=\"og:url\" content=\"https:\/\/www.droppedcc.sk\/?page_id=59\" \/>\n<meta property=\"og:site_name\" content=\"DROPPED CYCLING CLUB\" \/>\n<meta property=\"article:modified_time\" content=\"2026-01-23T13:37:45+00:00\" \/>\n<meta property=\"og:image\" content=\"https:\/\/www.droppedcc.sk\/wp-content\/uploads\/2025\/10\/cropped-IMG_6490.jpg\" \/>\n\t<meta property=\"og:image:width\" content=\"2000\" \/>\n\t<meta property=\"og:image:height\" content=\"1198\" \/>\n\t<meta property=\"og:image:type\" content=\"image\/jpeg\" \/>\n<meta name=\"twitter:card\" content=\"summary_large_image\" \/>\n<meta name=\"twitter:label1\" content=\"Predpokladan\u00fd \u010das \u010d\u00edtania\" \/>\n\t<meta name=\"twitter:data1\" content=\"2 min\u00faty\" \/>\n<script type=\"application\/ld+json\" class=\"yoast-schema-graph\">{\"@context\":\"https:\/\/schema.org\",\"@graph\":[{\"@type\":\"WebPage\",\"@id\":\"https:\/\/www.droppedcc.sk\/?page_id=59\",\"url\":\"https:\/\/www.droppedcc.sk\/?page_id=59\",\"name\":\"MEMBERS - DROPPED CYCLING CLUB\",\"isPartOf\":{\"@id\":\"https:\/\/www.droppedcc.sk\/#website\"},\"primaryImageOfPage\":{\"@id\":\"https:\/\/www.droppedcc.sk\/?page_id=59#primaryimage\"},\"image\":{\"@id\":\"https:\/\/www.droppedcc.sk\/?page_id=59#primaryimage\"},\"thumbnailUrl\":\"https:\/\/www.droppedcc.sk\/wp-content\/uploads\/2025\/10\/cropped-IMG_6490.jpg\",\"datePublished\":\"2023-05-17T17:19:42+00:00\",\"dateModified\":\"2026-01-23T13:37:45+00:00\",\"description\":\"\u010clenovia t\u00edmu Dropped Cycling Club, s\u00eddliaceho v Martine, v malebnom Turci.\",\"breadcrumb\":{\"@id\":\"https:\/\/www.droppedcc.sk\/?page_id=59#breadcrumb\"},\"inLanguage\":\"sk-SK\",\"potentialAction\":[{\"@type\":\"ReadAction\",\"target\":[\"https:\/\/www.droppedcc.sk\/?page_id=59\"]}]},{\"@type\":\"ImageObject\",\"inLanguage\":\"sk-SK\",\"@id\":\"https:\/\/www.droppedcc.sk\/?page_id=59#primaryimage\",\"url\":\"https:\/\/www.droppedcc.sk\/wp-content\/uploads\/2025\/10\/cropped-IMG_6490.jpg\",\"contentUrl\":\"https:\/\/www.droppedcc.sk\/wp-content\/uploads\/2025\/10\/cropped-IMG_6490.jpg\",\"width\":2000,\"height\":1198,\"caption\":\"Spolo\u010dn\u00e1 fotografia\"},{\"@type\":\"BreadcrumbList\",\"@id\":\"https:\/\/www.droppedcc.sk\/?page_id=59#breadcrumb\",\"itemListElement\":[{\"@type\":\"ListItem\",\"position\":1,\"name\":\"Home\",\"item\":\"https:\/\/www.droppedcc.sk\/\"},{\"@type\":\"ListItem\",\"position\":2,\"name\":\"MEMBERS\"}]},{\"@type\":\"WebSite\",\"@id\":\"https:\/\/www.droppedcc.sk\/#website\",\"url\":\"https:\/\/www.droppedcc.sk\/\",\"name\":\"DROPPED CYCLING CLUB\",\"description\":\"Community builders | Racing riders | Coffee lovers\",\"publisher\":{\"@id\":\"https:\/\/www.droppedcc.sk\/#organization\"},\"potentialAction\":[{\"@type\":\"SearchAction\",\"target\":{\"@type\":\"EntryPoint\",\"urlTemplate\":\"https:\/\/www.droppedcc.sk\/?s={search_term_string}\"},\"query-input\":\"required name=search_term_string\"}],\"inLanguage\":\"sk-SK\"},{\"@type\":\"Organization\",\"@id\":\"https:\/\/www.droppedcc.sk\/#organization\",\"name\":\"DROPPED CYCLING CLUB\",\"url\":\"https:\/\/www.droppedcc.sk\/\",\"logo\":{\"@type\":\"ImageObject\",\"inLanguage\":\"sk-SK\",\"@id\":\"https:\/\/www.droppedcc.sk\/#\/schema\/logo\/image\/\",\"url\":\"https:\/\/www.droppedcc.sk\/wp-content\/uploads\/2023\/05\/cropped-DCClogo-04-1-1.png\",\"contentUrl\":\"https:\/\/www.droppedcc.sk\/wp-content\/uploads\/2023\/05\/cropped-DCClogo-04-1-1.png\",\"width\":250,\"height\":250,\"caption\":\"DROPPED CYCLING CLUB\"},\"image\":{\"@id\":\"https:\/\/www.droppedcc.sk\/#\/schema\/logo\/image\/\"}}]}<\/script>\n<!-- \/ Yoast SEO plugin. -->","yoast_head_json":{"title":"MEMBERS - DROPPED CYCLING CLUB","description":"\u010clenovia t\u00edmu Dropped Cycling Club, s\u00eddliaceho v Martine, v malebnom Turci.","robots":{"index":"index","follow":"follow","max-snippet":"max-snippet:-1","max-image-preview":"max-image-preview:large","max-video-preview":"max-video-preview:-1"},"canonical":"https:\/\/www.droppedcc.sk\/?page_id=59","og_locale":"sk_SK","og_type":"article","og_title":"MEMBERS - DROPPED CYCLING CLUB","og_description":"\u010clenovia t\u00edmu Dropped Cycling Club, s\u00eddliaceho v Martine, v malebnom Turci.","og_url":"https:\/\/www.droppedcc.sk\/?page_id=59","og_site_name":"DROPPED CYCLING CLUB","article_modified_time":"2026-01-23T13:37:45+00:00","og_image":[{"width":2000,"height":1198,"url":"https:\/\/www.droppedcc.sk\/wp-content\/uploads\/2025\/10\/cropped-IMG_6490.jpg","type":"image\/jpeg"}],"twitter_card":"summary_large_image","twitter_misc":{"Predpokladan\u00fd \u010das \u010d\u00edtania":"2 min\u00faty"},"schema":{"@context":"https:\/\/schema.org","@graph":[{"@type":"WebPage","@id":"https:\/\/www.droppedcc.sk\/?page_id=59","url":"https:\/\/www.droppedcc.sk\/?page_id=59","name":"MEMBERS - DROPPED CYCLING CLUB","isPartOf":{"@id":"https:\/\/www.droppedcc.sk\/#website"},"primaryImageOfPage":{"@id":"https:\/\/www.droppedcc.sk\/?page_id=59#primaryimage"},"image":{"@id":"https:\/\/www.droppedcc.sk\/?page_id=59#primaryimage"},"thumbnailUrl":"https:\/\/www.droppedcc.sk\/wp-content\/uploads\/2025\/10\/cropped-IMG_6490.jpg","datePublished":"2023-05-17T17:19:42+00:00","dateModified":"2026-01-23T13:37:45+00:00","description":"\u010clenovia t\u00edmu Dropped Cycling Club, s\u00eddliaceho v Martine, v malebnom Turci.","breadcrumb":{"@id":"https:\/\/www.droppedcc.sk\/?page_id=59#breadcrumb"},"inLanguage":"sk-SK","potentialAction":[{"@type":"ReadAction","target":["https:\/\/www.droppedcc.sk\/?page_id=59"]}]},{"@type":"ImageObject","inLanguage":"sk-SK","@id":"https:\/\/www.droppedcc.sk\/?page_id=59#primaryimage","url":"https:\/\/www.droppedcc.sk\/wp-content\/uploads\/2025\/10\/cropped-IMG_6490.jpg","contentUrl":"https:\/\/www.droppedcc.sk\/wp-content\/uploads\/2025\/10\/cropped-IMG_6490.jpg","width":2000,"height":1198,"caption":"Spolo\u010dn\u00e1 fotografia"},{"@type":"BreadcrumbList","@id":"https:\/\/www.droppedcc.sk\/?page_id=59#breadcrumb","itemListElement":[{"@type":"ListItem","position":1,"name":"Home","item":"https:\/\/www.droppedcc.sk\/"},{"@type":"ListItem","position":2,"name":"MEMBERS"}]},{"@type":"WebSite","@id":"https:\/\/www.droppedcc.sk\/#website","url":"https:\/\/www.droppedcc.sk\/","name":"DROPPED CYCLING CLUB","description":"Community builders | Racing riders | Coffee lovers","publisher":{"@id":"https:\/\/www.droppedcc.sk\/#organization"},"potentialAction":[{"@type":"SearchAction","target":{"@type":"EntryPoint","urlTemplate":"https:\/\/www.droppedcc.sk\/?s={search_term_string}"},"query-input":"required name=search_term_string"}],"inLanguage":"sk-SK"},{"@type":"Organization","@id":"https:\/\/www.droppedcc.sk\/#organization","name":"DROPPED CYCLING CLUB","url":"https:\/\/www.droppedcc.sk\/","logo":{"@type":"ImageObject","inLanguage":"sk-SK","@id":"https:\/\/www.droppedcc.sk\/#\/schema\/logo\/image\/","url":"https:\/\/www.droppedcc.sk\/wp-content\/uploads\/2023\/05\/cropped-DCClogo-04-1-1.png","contentUrl":"https:\/\/www.droppedcc.sk\/wp-content\/uploads\/2023\/05\/cropped-DCClogo-04-1-1.png","width":250,"height":250,"caption":"DROPPED CYCLING CLUB"},"image":{"@id":"https:\/\/www.droppedcc.sk\/#\/schema\/logo\/image\/"}}]}},"_links":{"self":[{"href":"https:\/\/www.droppedcc.sk\/index.php?rest_route=\/wp\/v2\/pages\/59"}],"collection":[{"href":"https:\/\/www.droppedcc.sk\/index.php?rest_route=\/wp\/v2\/pages"}],"about":[{"href":"https:\/\/www.droppedcc.sk\/index.php?rest_route=\/wp\/v2\/types\/page"}],"author":[{"embeddable":true,"href":"https:\/\/www.droppedcc.sk\/index.php?rest_route=\/wp\/v2\/users\/1"}],"replies":[{"embeddable":true,"href":"https:\/\/www.droppedcc.sk\/index.php?rest_route=%2Fwp%2Fv2%2Fcomments&post=59"}],"version-history":[{"count":6,"href":"https:\/\/www.droppedcc.sk\/index.php?rest_route=\/wp\/v2\/pages\/59\/revisions"}],"predecessor-version":[{"id":249,"href":"https:\/\/www.droppedcc.sk\/index.php?rest_route=\/wp\/v2\/pages\/59\/revisions\/249"}],"wp:featuredmedia":[{"embeddable":true,"href":"https:\/\/www.droppedcc.sk\/index.php?rest_route=\/wp\/v2\/media\/193"}],"wp:attachment":[{"href":"https:\/\/www.droppedcc.sk\/index.php?rest_route=%2Fwp%2Fv2%2Fmedia&parent=59"}],"curies":[{"name":"wp","href":"https:\/\/api.w.org\/{rel}","templated":true}]}}