{"id":46,"date":"2023-05-17T19:02:02","date_gmt":"2023-05-17T17:02:02","guid":{"rendered":"https:\/\/www.droppedcc.sk\/?page_id=46"},"modified":"2026-02-05T07:56:38","modified_gmt":"2026-02-05T06:56:38","slug":"druha","status":"publish","type":"page","link":"https:\/\/www.droppedcc.sk\/?page_id=46","title":{"rendered":"2% Z DAN\u00cd"},"content":{"rendered":"\n<p>Ako ob\u010dianske zdru\u017eenie fungujeme aj v\u010faka podpore Va\u0161ich <strong>2% z dan\u00ed<\/strong>. Ak n\u00e1s chcete podpori\u0165, <strong>tla\u010divo na darovanie<\/strong> n\u00e1jdete tu: <\/p>\n\n\n\n<div data-wp-interactive=\"core\/file\" class=\"wp-block-file\"><object data-wp-bind--hidden=\"!state.hasPdfPreview\"  class=\"wp-block-file__embed\" data=\"https:\/\/www.droppedcc.sk\/wp-content\/uploads\/2026\/02\/2_DROPPEDCC.pdf\" type=\"application\/pdf\" style=\"width:100%;height:600px\" aria-label=\"Vlo\u017ei\u0165 2%_DROPPEDCC.\"><\/object><a id=\"wp-block-file--media-f2ed5c52-8bdc-4933-ac09-9a049445861f\" href=\"https:\/\/www.droppedcc.sk\/wp-content\/uploads\/2026\/02\/2_DROPPEDCC.pdf\">2%_DROPPEDCC<\/a><a href=\"https:\/\/www.droppedcc.sk\/wp-content\/uploads\/2026\/02\/2_DROPPEDCC.pdf\" class=\"wp-block-file__button wp-element-button\" download aria-describedby=\"wp-block-file--media-f2ed5c52-8bdc-4933-ac09-9a049445861f\">Stiahnu\u0165<\/a><\/div>\n\n\n\n<p>\u010eAKUJEME.<\/p>\n","protected":false},"excerpt":{"rendered":"<p>Ako ob\u010dianske zdru\u017eenie fungujeme aj v\u010faka podpore Va\u0161ich 2% z dan\u00ed. Ak n\u00e1s chcete podpori\u0165, tla\u010divo na darovanie n\u00e1jdete tu: \u010eAKUJEME.<\/p>\n","protected":false},"author":1,"featured_media":0,"parent":0,"menu_order":0,"comment_status":"closed","ping_status":"closed","template":"","meta":{"_monsterinsights_skip_tracking":false,"_monsterinsights_sitenote_active":false,"_monsterinsights_sitenote_note":"","_monsterinsights_sitenote_category":0,"footnotes":""},"yoast_head":"<!-- This site is optimized with the Yoast SEO plugin v23.0 - https:\/\/yoast.com\/wordpress\/plugins\/seo\/ -->\n<title>2% Z DAN\u00cd - DROPPED CYCLING CLUB<\/title>\n<meta name=\"robots\" content=\"index, follow, max-snippet:-1, max-image-preview:large, max-video-preview:-1\" \/>\n<link rel=\"canonical\" href=\"https:\/\/www.droppedcc.sk\/?page_id=46\" \/>\n<meta property=\"og:locale\" content=\"sk_SK\" \/>\n<meta property=\"og:type\" content=\"article\" \/>\n<meta property=\"og:title\" content=\"2% Z DAN\u00cd - DROPPED CYCLING CLUB\" \/>\n<meta property=\"og:description\" content=\"Ako ob\u010dianske zdru\u017eenie fungujeme aj v\u010faka podpore Va\u0161ich 2% z dan\u00ed. Ak n\u00e1s chcete podpori\u0165, tla\u010divo na darovanie n\u00e1jdete tu: \u010eAKUJEME.\" \/>\n<meta property=\"og:url\" content=\"https:\/\/www.droppedcc.sk\/?page_id=46\" \/>\n<meta property=\"og:site_name\" content=\"DROPPED CYCLING CLUB\" \/>\n<meta property=\"article:modified_time\" content=\"2026-02-05T06:56:38+00:00\" \/>\n<meta name=\"twitter:card\" content=\"summary_large_image\" \/>\n<meta name=\"twitter:label1\" content=\"Predpokladan\u00fd \u010das \u010d\u00edtania\" \/>\n\t<meta name=\"twitter:data1\" content=\"1 min\u00fata\" \/>\n<script type=\"application\/ld+json\" class=\"yoast-schema-graph\">{\"@context\":\"https:\/\/schema.org\",\"@graph\":[{\"@type\":\"WebPage\",\"@id\":\"https:\/\/www.droppedcc.sk\/?page_id=46\",\"url\":\"https:\/\/www.droppedcc.sk\/?page_id=46\",\"name\":\"2% Z DAN\u00cd - DROPPED CYCLING CLUB\",\"isPartOf\":{\"@id\":\"https:\/\/www.droppedcc.sk\/#website\"},\"datePublished\":\"2023-05-17T17:02:02+00:00\",\"dateModified\":\"2026-02-05T06:56:38+00:00\",\"breadcrumb\":{\"@id\":\"https:\/\/www.droppedcc.sk\/?page_id=46#breadcrumb\"},\"inLanguage\":\"sk-SK\",\"potentialAction\":[{\"@type\":\"ReadAction\",\"target\":[\"https:\/\/www.droppedcc.sk\/?page_id=46\"]}]},{\"@type\":\"BreadcrumbList\",\"@id\":\"https:\/\/www.droppedcc.sk\/?page_id=46#breadcrumb\",\"itemListElement\":[{\"@type\":\"ListItem\",\"position\":1,\"name\":\"Home\",\"item\":\"https:\/\/www.droppedcc.sk\/\"},{\"@type\":\"ListItem\",\"position\":2,\"name\":\"2% Z DAN\u00cd\"}]},{\"@type\":\"WebSite\",\"@id\":\"https:\/\/www.droppedcc.sk\/#website\",\"url\":\"https:\/\/www.droppedcc.sk\/\",\"name\":\"DROPPED CYCLING CLUB\",\"description\":\"Community builders | Racing riders | Coffee lovers\",\"publisher\":{\"@id\":\"https:\/\/www.droppedcc.sk\/#organization\"},\"potentialAction\":[{\"@type\":\"SearchAction\",\"target\":{\"@type\":\"EntryPoint\",\"urlTemplate\":\"https:\/\/www.droppedcc.sk\/?s={search_term_string}\"},\"query-input\":\"required name=search_term_string\"}],\"inLanguage\":\"sk-SK\"},{\"@type\":\"Organization\",\"@id\":\"https:\/\/www.droppedcc.sk\/#organization\",\"name\":\"DROPPED CYCLING CLUB\",\"url\":\"https:\/\/www.droppedcc.sk\/\",\"logo\":{\"@type\":\"ImageObject\",\"inLanguage\":\"sk-SK\",\"@id\":\"https:\/\/www.droppedcc.sk\/#\/schema\/logo\/image\/\",\"url\":\"https:\/\/www.droppedcc.sk\/wp-content\/uploads\/2023\/05\/cropped-DCClogo-04-1-1.png\",\"contentUrl\":\"https:\/\/www.droppedcc.sk\/wp-content\/uploads\/2023\/05\/cropped-DCClogo-04-1-1.png\",\"width\":250,\"height\":250,\"caption\":\"DROPPED CYCLING CLUB\"},\"image\":{\"@id\":\"https:\/\/www.droppedcc.sk\/#\/schema\/logo\/image\/\"}}]}<\/script>\n<!-- \/ Yoast SEO plugin. -->","yoast_head_json":{"title":"2% Z DAN\u00cd - DROPPED CYCLING CLUB","robots":{"index":"index","follow":"follow","max-snippet":"max-snippet:-1","max-image-preview":"max-image-preview:large","max-video-preview":"max-video-preview:-1"},"canonical":"https:\/\/www.droppedcc.sk\/?page_id=46","og_locale":"sk_SK","og_type":"article","og_title":"2% Z DAN\u00cd - DROPPED CYCLING CLUB","og_description":"Ako ob\u010dianske zdru\u017eenie fungujeme aj v\u010faka podpore Va\u0161ich 2% z dan\u00ed. Ak n\u00e1s chcete podpori\u0165, tla\u010divo na darovanie n\u00e1jdete tu: \u010eAKUJEME.","og_url":"https:\/\/www.droppedcc.sk\/?page_id=46","og_site_name":"DROPPED CYCLING CLUB","article_modified_time":"2026-02-05T06:56:38+00:00","twitter_card":"summary_large_image","twitter_misc":{"Predpokladan\u00fd \u010das \u010d\u00edtania":"1 min\u00fata"},"schema":{"@context":"https:\/\/schema.org","@graph":[{"@type":"WebPage","@id":"https:\/\/www.droppedcc.sk\/?page_id=46","url":"https:\/\/www.droppedcc.sk\/?page_id=46","name":"2% Z DAN\u00cd - DROPPED CYCLING CLUB","isPartOf":{"@id":"https:\/\/www.droppedcc.sk\/#website"},"datePublished":"2023-05-17T17:02:02+00:00","dateModified":"2026-02-05T06:56:38+00:00","breadcrumb":{"@id":"https:\/\/www.droppedcc.sk\/?page_id=46#breadcrumb"},"inLanguage":"sk-SK","potentialAction":[{"@type":"ReadAction","target":["https:\/\/www.droppedcc.sk\/?page_id=46"]}]},{"@type":"BreadcrumbList","@id":"https:\/\/www.droppedcc.sk\/?page_id=46#breadcrumb","itemListElement":[{"@type":"ListItem","position":1,"name":"Home","item":"https:\/\/www.droppedcc.sk\/"},{"@type":"ListItem","position":2,"name":"2% Z DAN\u00cd"}]},{"@type":"WebSite","@id":"https:\/\/www.droppedcc.sk\/#website","url":"https:\/\/www.droppedcc.sk\/","name":"DROPPED CYCLING CLUB","description":"Community builders | Racing riders | Coffee lovers","publisher":{"@id":"https:\/\/www.droppedcc.sk\/#organization"},"potentialAction":[{"@type":"SearchAction","target":{"@type":"EntryPoint","urlTemplate":"https:\/\/www.droppedcc.sk\/?s={search_term_string}"},"query-input":"required name=search_term_string"}],"inLanguage":"sk-SK"},{"@type":"Organization","@id":"https:\/\/www.droppedcc.sk\/#organization","name":"DROPPED CYCLING CLUB","url":"https:\/\/www.droppedcc.sk\/","logo":{"@type":"ImageObject","inLanguage":"sk-SK","@id":"https:\/\/www.droppedcc.sk\/#\/schema\/logo\/image\/","url":"https:\/\/www.droppedcc.sk\/wp-content\/uploads\/2023\/05\/cropped-DCClogo-04-1-1.png","contentUrl":"https:\/\/www.droppedcc.sk\/wp-content\/uploads\/2023\/05\/cropped-DCClogo-04-1-1.png","width":250,"height":250,"caption":"DROPPED CYCLING CLUB"},"image":{"@id":"https:\/\/www.droppedcc.sk\/#\/schema\/logo\/image\/"}}]}},"_links":{"self":[{"href":"https:\/\/www.droppedcc.sk\/index.php?rest_route=\/wp\/v2\/pages\/46"}],"collection":[{"href":"https:\/\/www.droppedcc.sk\/index.php?rest_route=\/wp\/v2\/pages"}],"about":[{"href":"https:\/\/www.droppedcc.sk\/index.php?rest_route=\/wp\/v2\/types\/page"}],"author":[{"embeddable":true,"href":"https:\/\/www.droppedcc.sk\/index.php?rest_route=\/wp\/v2\/users\/1"}],"replies":[{"embeddable":true,"href":"https:\/\/www.droppedcc.sk\/index.php?rest_route=%2Fwp%2Fv2%2Fcomments&post=46"}],"version-history":[{"count":5,"href":"https:\/\/www.droppedcc.sk\/index.php?rest_route=\/wp\/v2\/pages\/46\/revisions"}],"predecessor-version":[{"id":275,"href":"https:\/\/www.droppedcc.sk\/index.php?rest_route=\/wp\/v2\/pages\/46\/revisions\/275"}],"wp:attachment":[{"href":"https:\/\/www.droppedcc.sk\/index.php?rest_route=%2Fwp%2Fv2%2Fmedia&parent=46"}],"curies":[{"name":"wp","href":"https:\/\/api.w.org\/{rel}","templated":true}]}}