{"id":256,"date":"2026-01-23T14:52:46","date_gmt":"2026-01-23T13:52:46","guid":{"rendered":"https:\/\/www.droppedcc.sk\/?page_id=256"},"modified":"2026-02-05T08:32:19","modified_gmt":"2026-02-05T07:32:19","slug":"za-podporu-dakujeme","status":"publish","type":"page","link":"https:\/\/www.droppedcc.sk\/?page_id=256","title":{"rendered":"Partneri"},"content":{"rendered":"\n<figure class=\"wp-block-gallery has-nested-images columns-default is-cropped wp-block-gallery-1 is-layout-flex wp-block-gallery-is-layout-flex\">\n<figure class=\"wp-block-image size-large\"><a href=\"https:\/\/hotelturiec.sk\/\" target=\"_blank\" rel=\"noreferrer noopener\"><img loading=\"lazy\" decoding=\"async\" width=\"265\" height=\"75\" data-id=\"257\" src=\"https:\/\/www.droppedcc.sk\/wp-content\/uploads\/2026\/01\/Logo-HT.png\" alt=\"\" class=\"wp-image-257\"\/><\/a><\/figure>\n\n\n\n<figure class=\"wp-block-image size-large\"><a href=\"https:\/\/www.motorr.sk\/\" target=\"_blank\" rel=\"noreferrer noopener\"><img loading=\"lazy\" decoding=\"async\" width=\"1024\" height=\"296\" data-id=\"259\" src=\"https:\/\/www.droppedcc.sk\/wp-content\/uploads\/2026\/01\/Motorr_Martin_logo-1024x296.png\" alt=\"\" class=\"wp-image-259\" srcset=\"https:\/\/www.droppedcc.sk\/wp-content\/uploads\/2026\/01\/Motorr_Martin_logo-1024x296.png 1024w, https:\/\/www.droppedcc.sk\/wp-content\/uploads\/2026\/01\/Motorr_Martin_logo-300x87.png 300w, https:\/\/www.droppedcc.sk\/wp-content\/uploads\/2026\/01\/Motorr_Martin_logo-768x222.png 768w, https:\/\/www.droppedcc.sk\/wp-content\/uploads\/2026\/01\/Motorr_Martin_logo-1536x443.png 1536w, https:\/\/www.droppedcc.sk\/wp-content\/uploads\/2026\/01\/Motorr_Martin_logo.png 1933w\" sizes=\"(max-width: 767px) 89vw, (max-width: 1000px) 54vw, (max-width: 1071px) 543px, 580px\" \/><\/a><\/figure>\n<\/figure>\n\n\n\n<p><\/p>\n\n\n\n<div class=\"wp-block-columns is-layout-flex wp-container-core-columns-is-layout-3 wp-block-columns-is-layout-flex\">\n<div class=\"wp-block-column is-layout-flow wp-block-column-is-layout-flow\" style=\"flex-basis:100%\">\n<div class=\"wp-block-columns is-layout-flex wp-container-core-columns-is-layout-2 wp-block-columns-is-layout-flex\">\n<div class=\"wp-block-column is-layout-flow wp-block-column-is-layout-flow\" style=\"flex-basis:100%\">\n<div class=\"wp-block-columns is-layout-flex wp-container-core-columns-is-layout-1 wp-block-columns-is-layout-flex\">\n<div class=\"wp-block-column is-layout-flow wp-block-column-is-layout-flow\">\n<figure class=\"wp-block-image size-full\"><img loading=\"lazy\" decoding=\"async\" width=\"300\" height=\"168\" src=\"https:\/\/www.droppedcc.sk\/wp-content\/uploads\/2026\/01\/KIA.png\" alt=\"\" class=\"wp-image-260\"\/><\/figure>\n<\/div>\n\n\n\n<div class=\"wp-block-column is-layout-flow wp-block-column-is-layout-flow\">\n<figure class=\"wp-block-image size-large is-resized\"><a href=\"https:\/\/www.mercedesmartin.sk\/\" target=\"_blank\" rel=\"noreferrer noopener\"><img loading=\"lazy\" decoding=\"async\" width=\"1024\" height=\"1024\" src=\"https:\/\/www.droppedcc.sk\/wp-content\/uploads\/2026\/01\/MB-star_L_4C-1-1024x1024.png\" alt=\"\" class=\"wp-image-270\" style=\"width:149px;height:auto\" srcset=\"https:\/\/www.droppedcc.sk\/wp-content\/uploads\/2026\/01\/MB-star_L_4C-1-1024x1024.png 1024w, https:\/\/www.droppedcc.sk\/wp-content\/uploads\/2026\/01\/MB-star_L_4C-1-300x300.png 300w, https:\/\/www.droppedcc.sk\/wp-content\/uploads\/2026\/01\/MB-star_L_4C-1-150x150.png 150w, https:\/\/www.droppedcc.sk\/wp-content\/uploads\/2026\/01\/MB-star_L_4C-1-768x768.png 768w, https:\/\/www.droppedcc.sk\/wp-content\/uploads\/2026\/01\/MB-star_L_4C-1-1536x1536.png 1536w, https:\/\/www.droppedcc.sk\/wp-content\/uploads\/2026\/01\/MB-star_L_4C-1-2048x2048.png 2048w, https:\/\/www.droppedcc.sk\/wp-content\/uploads\/2026\/01\/MB-star_L_4C-1-100x100.png 100w\" sizes=\"(max-width: 767px) 89vw, (max-width: 1000px) 54vw, (max-width: 1071px) 543px, 580px\" \/><\/a><\/figure>\n<\/div>\n<\/div>\n<\/div>\n<\/div>\n<\/div>\n<\/div>\n\n\n\n<figure class=\"wp-block-image size-large is-resized\"><a href=\"https:\/\/origos.eu\/?gad_source=1&amp;gad_campaignid=9768209759&amp;gbraid=0AAAAAC-uzwAmsIFJo9wEEYifE0IegvBp4&amp;gclid=Cj0KCQiA-YvMBhDtARIsAHZuUzIsYmMigWdQgXgm7RF7NqdCL0xcsL-QAilUpz8e8JbZ5HJtkT_ciVkaAnR4EALw_wcB\" target=\"_blank\" rel=\"noreferrer noopener\"><img loading=\"lazy\" decoding=\"async\" width=\"1024\" height=\"374\" src=\"https:\/\/www.droppedcc.sk\/wp-content\/uploads\/2026\/02\/logo_Origos_BW-1-1024x374.png\" alt=\"\" class=\"wp-image-277\" style=\"width:310px;height:auto\" srcset=\"https:\/\/www.droppedcc.sk\/wp-content\/uploads\/2026\/02\/logo_Origos_BW-1-1024x374.png 1024w, https:\/\/www.droppedcc.sk\/wp-content\/uploads\/2026\/02\/logo_Origos_BW-1-300x110.png 300w, https:\/\/www.droppedcc.sk\/wp-content\/uploads\/2026\/02\/logo_Origos_BW-1-768x281.png 768w, https:\/\/www.droppedcc.sk\/wp-content\/uploads\/2026\/02\/logo_Origos_BW-1-1536x561.png 1536w, https:\/\/www.droppedcc.sk\/wp-content\/uploads\/2026\/02\/logo_Origos_BW-1.png 1989w\" sizes=\"(max-width: 767px) 89vw, (max-width: 1000px) 54vw, (max-width: 1071px) 543px, 580px\" \/><\/a><\/figure>\n","protected":false},"excerpt":{"rendered":"","protected":false},"author":1,"featured_media":0,"parent":0,"menu_order":0,"comment_status":"closed","ping_status":"closed","template":"","meta":{"_monsterinsights_skip_tracking":false,"_monsterinsights_sitenote_active":false,"_monsterinsights_sitenote_note":"","_monsterinsights_sitenote_category":0,"footnotes":""},"yoast_head":"<!-- This site is optimized with the Yoast SEO plugin v23.0 - https:\/\/yoast.com\/wordpress\/plugins\/seo\/ -->\n<title>Partneri - DROPPED CYCLING CLUB<\/title>\n<meta name=\"description\" content=\"Partneri klubu, sponzori a priatelia. V\u010faka v\u00e1m vieme fungova\u0165 a organizova\u0165 pre v\u00e1s komunitn\u00e9 jazdy a akcie. \u010eakujeme.\" \/>\n<meta name=\"robots\" content=\"index, follow, max-snippet:-1, max-image-preview:large, max-video-preview:-1\" \/>\n<link rel=\"canonical\" href=\"https:\/\/www.droppedcc.sk\/?page_id=256\" \/>\n<meta property=\"og:locale\" content=\"sk_SK\" \/>\n<meta property=\"og:type\" content=\"article\" \/>\n<meta property=\"og:title\" content=\"Partneri - DROPPED CYCLING CLUB\" \/>\n<meta property=\"og:description\" content=\"Partneri klubu, sponzori a priatelia. V\u010faka v\u00e1m vieme fungova\u0165 a organizova\u0165 pre v\u00e1s komunitn\u00e9 jazdy a akcie. \u010eakujeme.\" \/>\n<meta property=\"og:url\" content=\"https:\/\/www.droppedcc.sk\/?page_id=256\" \/>\n<meta property=\"og:site_name\" content=\"DROPPED CYCLING CLUB\" \/>\n<meta property=\"article:modified_time\" content=\"2026-02-05T07:32:19+00:00\" \/>\n<meta property=\"og:image\" content=\"https:\/\/www.droppedcc.sk\/wp-content\/uploads\/2026\/01\/Logo-HT.png\" \/>\n<meta name=\"twitter:card\" content=\"summary_large_image\" \/>\n<meta name=\"twitter:label1\" content=\"Predpokladan\u00fd \u010das \u010d\u00edtania\" \/>\n\t<meta name=\"twitter:data1\" content=\"1 min\u00fata\" \/>\n<script type=\"application\/ld+json\" class=\"yoast-schema-graph\">{\"@context\":\"https:\/\/schema.org\",\"@graph\":[{\"@type\":\"WebPage\",\"@id\":\"https:\/\/www.droppedcc.sk\/?page_id=256\",\"url\":\"https:\/\/www.droppedcc.sk\/?page_id=256\",\"name\":\"Partneri - DROPPED CYCLING CLUB\",\"isPartOf\":{\"@id\":\"https:\/\/www.droppedcc.sk\/#website\"},\"primaryImageOfPage\":{\"@id\":\"https:\/\/www.droppedcc.sk\/?page_id=256#primaryimage\"},\"image\":{\"@id\":\"https:\/\/www.droppedcc.sk\/?page_id=256#primaryimage\"},\"thumbnailUrl\":\"https:\/\/www.droppedcc.sk\/wp-content\/uploads\/2026\/01\/Logo-HT.png\",\"datePublished\":\"2026-01-23T13:52:46+00:00\",\"dateModified\":\"2026-02-05T07:32:19+00:00\",\"description\":\"Partneri klubu, sponzori a priatelia. V\u010faka v\u00e1m vieme fungova\u0165 a organizova\u0165 pre v\u00e1s komunitn\u00e9 jazdy a akcie. \u010eakujeme.\",\"breadcrumb\":{\"@id\":\"https:\/\/www.droppedcc.sk\/?page_id=256#breadcrumb\"},\"inLanguage\":\"sk-SK\",\"potentialAction\":[{\"@type\":\"ReadAction\",\"target\":[\"https:\/\/www.droppedcc.sk\/?page_id=256\"]}]},{\"@type\":\"ImageObject\",\"inLanguage\":\"sk-SK\",\"@id\":\"https:\/\/www.droppedcc.sk\/?page_id=256#primaryimage\",\"url\":\"https:\/\/www.droppedcc.sk\/wp-content\/uploads\/2026\/01\/Logo-HT.png\",\"contentUrl\":\"https:\/\/www.droppedcc.sk\/wp-content\/uploads\/2026\/01\/Logo-HT.png\",\"width\":265,\"height\":75},{\"@type\":\"BreadcrumbList\",\"@id\":\"https:\/\/www.droppedcc.sk\/?page_id=256#breadcrumb\",\"itemListElement\":[{\"@type\":\"ListItem\",\"position\":1,\"name\":\"Home\",\"item\":\"https:\/\/www.droppedcc.sk\/\"},{\"@type\":\"ListItem\",\"position\":2,\"name\":\"Partneri\"}]},{\"@type\":\"WebSite\",\"@id\":\"https:\/\/www.droppedcc.sk\/#website\",\"url\":\"https:\/\/www.droppedcc.sk\/\",\"name\":\"DROPPED CYCLING CLUB\",\"description\":\"Community builders | Racing riders | Coffee lovers\",\"publisher\":{\"@id\":\"https:\/\/www.droppedcc.sk\/#organization\"},\"potentialAction\":[{\"@type\":\"SearchAction\",\"target\":{\"@type\":\"EntryPoint\",\"urlTemplate\":\"https:\/\/www.droppedcc.sk\/?s={search_term_string}\"},\"query-input\":\"required name=search_term_string\"}],\"inLanguage\":\"sk-SK\"},{\"@type\":\"Organization\",\"@id\":\"https:\/\/www.droppedcc.sk\/#organization\",\"name\":\"DROPPED CYCLING CLUB\",\"url\":\"https:\/\/www.droppedcc.sk\/\",\"logo\":{\"@type\":\"ImageObject\",\"inLanguage\":\"sk-SK\",\"@id\":\"https:\/\/www.droppedcc.sk\/#\/schema\/logo\/image\/\",\"url\":\"https:\/\/www.droppedcc.sk\/wp-content\/uploads\/2023\/05\/cropped-DCClogo-04-1-1.png\",\"contentUrl\":\"https:\/\/www.droppedcc.sk\/wp-content\/uploads\/2023\/05\/cropped-DCClogo-04-1-1.png\",\"width\":250,\"height\":250,\"caption\":\"DROPPED CYCLING CLUB\"},\"image\":{\"@id\":\"https:\/\/www.droppedcc.sk\/#\/schema\/logo\/image\/\"}}]}<\/script>\n<!-- \/ Yoast SEO plugin. -->","yoast_head_json":{"title":"Partneri - DROPPED CYCLING CLUB","description":"Partneri klubu, sponzori a priatelia. V\u010faka v\u00e1m vieme fungova\u0165 a organizova\u0165 pre v\u00e1s komunitn\u00e9 jazdy a akcie. \u010eakujeme.","robots":{"index":"index","follow":"follow","max-snippet":"max-snippet:-1","max-image-preview":"max-image-preview:large","max-video-preview":"max-video-preview:-1"},"canonical":"https:\/\/www.droppedcc.sk\/?page_id=256","og_locale":"sk_SK","og_type":"article","og_title":"Partneri - DROPPED CYCLING CLUB","og_description":"Partneri klubu, sponzori a priatelia. V\u010faka v\u00e1m vieme fungova\u0165 a organizova\u0165 pre v\u00e1s komunitn\u00e9 jazdy a akcie. \u010eakujeme.","og_url":"https:\/\/www.droppedcc.sk\/?page_id=256","og_site_name":"DROPPED CYCLING CLUB","article_modified_time":"2026-02-05T07:32:19+00:00","og_image":[{"url":"https:\/\/www.droppedcc.sk\/wp-content\/uploads\/2026\/01\/Logo-HT.png"}],"twitter_card":"summary_large_image","twitter_misc":{"Predpokladan\u00fd \u010das \u010d\u00edtania":"1 min\u00fata"},"schema":{"@context":"https:\/\/schema.org","@graph":[{"@type":"WebPage","@id":"https:\/\/www.droppedcc.sk\/?page_id=256","url":"https:\/\/www.droppedcc.sk\/?page_id=256","name":"Partneri - DROPPED CYCLING CLUB","isPartOf":{"@id":"https:\/\/www.droppedcc.sk\/#website"},"primaryImageOfPage":{"@id":"https:\/\/www.droppedcc.sk\/?page_id=256#primaryimage"},"image":{"@id":"https:\/\/www.droppedcc.sk\/?page_id=256#primaryimage"},"thumbnailUrl":"https:\/\/www.droppedcc.sk\/wp-content\/uploads\/2026\/01\/Logo-HT.png","datePublished":"2026-01-23T13:52:46+00:00","dateModified":"2026-02-05T07:32:19+00:00","description":"Partneri klubu, sponzori a priatelia. V\u010faka v\u00e1m vieme fungova\u0165 a organizova\u0165 pre v\u00e1s komunitn\u00e9 jazdy a akcie. \u010eakujeme.","breadcrumb":{"@id":"https:\/\/www.droppedcc.sk\/?page_id=256#breadcrumb"},"inLanguage":"sk-SK","potentialAction":[{"@type":"ReadAction","target":["https:\/\/www.droppedcc.sk\/?page_id=256"]}]},{"@type":"ImageObject","inLanguage":"sk-SK","@id":"https:\/\/www.droppedcc.sk\/?page_id=256#primaryimage","url":"https:\/\/www.droppedcc.sk\/wp-content\/uploads\/2026\/01\/Logo-HT.png","contentUrl":"https:\/\/www.droppedcc.sk\/wp-content\/uploads\/2026\/01\/Logo-HT.png","width":265,"height":75},{"@type":"BreadcrumbList","@id":"https:\/\/www.droppedcc.sk\/?page_id=256#breadcrumb","itemListElement":[{"@type":"ListItem","position":1,"name":"Home","item":"https:\/\/www.droppedcc.sk\/"},{"@type":"ListItem","position":2,"name":"Partneri"}]},{"@type":"WebSite","@id":"https:\/\/www.droppedcc.sk\/#website","url":"https:\/\/www.droppedcc.sk\/","name":"DROPPED CYCLING CLUB","description":"Community builders | Racing riders | Coffee lovers","publisher":{"@id":"https:\/\/www.droppedcc.sk\/#organization"},"potentialAction":[{"@type":"SearchAction","target":{"@type":"EntryPoint","urlTemplate":"https:\/\/www.droppedcc.sk\/?s={search_term_string}"},"query-input":"required name=search_term_string"}],"inLanguage":"sk-SK"},{"@type":"Organization","@id":"https:\/\/www.droppedcc.sk\/#organization","name":"DROPPED CYCLING CLUB","url":"https:\/\/www.droppedcc.sk\/","logo":{"@type":"ImageObject","inLanguage":"sk-SK","@id":"https:\/\/www.droppedcc.sk\/#\/schema\/logo\/image\/","url":"https:\/\/www.droppedcc.sk\/wp-content\/uploads\/2023\/05\/cropped-DCClogo-04-1-1.png","contentUrl":"https:\/\/www.droppedcc.sk\/wp-content\/uploads\/2023\/05\/cropped-DCClogo-04-1-1.png","width":250,"height":250,"caption":"DROPPED CYCLING CLUB"},"image":{"@id":"https:\/\/www.droppedcc.sk\/#\/schema\/logo\/image\/"}}]}},"_links":{"self":[{"href":"https:\/\/www.droppedcc.sk\/index.php?rest_route=\/wp\/v2\/pages\/256"}],"collection":[{"href":"https:\/\/www.droppedcc.sk\/index.php?rest_route=\/wp\/v2\/pages"}],"about":[{"href":"https:\/\/www.droppedcc.sk\/index.php?rest_route=\/wp\/v2\/types\/page"}],"author":[{"embeddable":true,"href":"https:\/\/www.droppedcc.sk\/index.php?rest_route=\/wp\/v2\/users\/1"}],"replies":[{"embeddable":true,"href":"https:\/\/www.droppedcc.sk\/index.php?rest_route=%2Fwp%2Fv2%2Fcomments&post=256"}],"version-history":[{"count":6,"href":"https:\/\/www.droppedcc.sk\/index.php?rest_route=\/wp\/v2\/pages\/256\/revisions"}],"predecessor-version":[{"id":279,"href":"https:\/\/www.droppedcc.sk\/index.php?rest_route=\/wp\/v2\/pages\/256\/revisions\/279"}],"wp:attachment":[{"href":"https:\/\/www.droppedcc.sk\/index.php?rest_route=%2Fwp%2Fv2%2Fmedia&parent=256"}],"curies":[{"name":"wp","href":"https:\/\/api.w.org\/{rel}","templated":true}]}}