{"id":222,"date":"2025-11-07T21:29:02","date_gmt":"2025-11-07T20:29:02","guid":{"rendered":"https:\/\/www.droppedcc.sk\/?page_id=222"},"modified":"2026-01-07T15:57:20","modified_gmt":"2026-01-07T14:57:20","slug":"dcc-race-team","status":"publish","type":"page","link":"https:\/\/www.droppedcc.sk\/?page_id=222","title":{"rendered":"DCC RACE TEAM"},"content":{"rendered":"\n<p>Pretekov\u00e1 zlo\u017eka t\u00edmu DROPPED CYCLING CLUB<\/p>\n\n\n\n<figure class=\"wp-block-gallery has-nested-images columns-default is-cropped wp-block-gallery-1 is-layout-flex wp-block-gallery-is-layout-flex\">\n<figure class=\"wp-block-image size-large\"><img loading=\"lazy\" decoding=\"async\" width=\"683\" height=\"1024\" data-id=\"167\" src=\"https:\/\/www.droppedcc.sk\/wp-content\/uploads\/2025\/09\/DCC-Atelier-2-2997_Original-1-683x1024.jpg\" alt=\"\" class=\"wp-image-167\" srcset=\"https:\/\/www.droppedcc.sk\/wp-content\/uploads\/2025\/09\/DCC-Atelier-2-2997_Original-1-683x1024.jpg 683w, https:\/\/www.droppedcc.sk\/wp-content\/uploads\/2025\/09\/DCC-Atelier-2-2997_Original-1-200x300.jpg 200w, https:\/\/www.droppedcc.sk\/wp-content\/uploads\/2025\/09\/DCC-Atelier-2-2997_Original-1-768x1152.jpg 768w, https:\/\/www.droppedcc.sk\/wp-content\/uploads\/2025\/09\/DCC-Atelier-2-2997_Original-1-1024x1536.jpg 1024w, https:\/\/www.droppedcc.sk\/wp-content\/uploads\/2025\/09\/DCC-Atelier-2-2997_Original-1.jpg 1365w\" sizes=\"(max-width: 683px) 100vw, 683px\" \/><figcaption class=\"wp-element-caption\">R\u00f3bert L\u00ed\u0161ka<\/figcaption><\/figure>\n\n\n\n<figure class=\"wp-block-image size-large\"><img loading=\"lazy\" decoding=\"async\" width=\"683\" height=\"1024\" data-id=\"226\" src=\"https:\/\/www.droppedcc.sk\/wp-content\/uploads\/2025\/11\/DCC-Atelier-2061-683x1024.jpg\" alt=\"\" class=\"wp-image-226\" srcset=\"https:\/\/www.droppedcc.sk\/wp-content\/uploads\/2025\/11\/DCC-Atelier-2061-683x1024.jpg 683w, https:\/\/www.droppedcc.sk\/wp-content\/uploads\/2025\/11\/DCC-Atelier-2061-200x300.jpg 200w, https:\/\/www.droppedcc.sk\/wp-content\/uploads\/2025\/11\/DCC-Atelier-2061-768x1152.jpg 768w, https:\/\/www.droppedcc.sk\/wp-content\/uploads\/2025\/11\/DCC-Atelier-2061-1024x1536.jpg 1024w, https:\/\/www.droppedcc.sk\/wp-content\/uploads\/2025\/11\/DCC-Atelier-2061.jpg 1365w\" sizes=\"(max-width: 683px) 100vw, 683px\" \/><figcaption class=\"wp-element-caption\">Milan Nemec<\/figcaption><\/figure>\n\n\n\n<figure class=\"wp-block-image size-large\"><img loading=\"lazy\" decoding=\"async\" width=\"683\" height=\"1024\" data-id=\"168\" src=\"https:\/\/www.droppedcc.sk\/wp-content\/uploads\/2025\/09\/DCC-Atelier-2032_Original-1-683x1024.jpg\" alt=\"\" class=\"wp-image-168\" srcset=\"https:\/\/www.droppedcc.sk\/wp-content\/uploads\/2025\/09\/DCC-Atelier-2032_Original-1-683x1024.jpg 683w, https:\/\/www.droppedcc.sk\/wp-content\/uploads\/2025\/09\/DCC-Atelier-2032_Original-1-200x300.jpg 200w, https:\/\/www.droppedcc.sk\/wp-content\/uploads\/2025\/09\/DCC-Atelier-2032_Original-1-768x1152.jpg 768w, https:\/\/www.droppedcc.sk\/wp-content\/uploads\/2025\/09\/DCC-Atelier-2032_Original-1-1024x1536.jpg 1024w, https:\/\/www.droppedcc.sk\/wp-content\/uploads\/2025\/09\/DCC-Atelier-2032_Original-1.jpg 1365w\" sizes=\"(max-width: 683px) 100vw, 683px\" \/><figcaption class=\"wp-element-caption\">Miroslav Bielick\u00fd<\/figcaption><\/figure>\n<figcaption class=\"blocks-gallery-caption wp-element-caption\">R\u00f3bert L\u00ed\u0161ka, Milan Nemec, Miroslav Bielick\u00fd<\/figcaption><\/figure>\n\n\n\n<figure class=\"wp-block-gallery has-nested-images columns-default is-cropped wp-block-gallery-2 is-layout-flex wp-block-gallery-is-layout-flex\">\n<figure class=\"wp-block-image size-large\"><img loading=\"lazy\" decoding=\"async\" width=\"683\" height=\"1024\" data-id=\"228\" src=\"https:\/\/www.droppedcc.sk\/wp-content\/uploads\/2025\/11\/DCC-Atelier-2-2819-683x1024.jpg\" alt=\"\" class=\"wp-image-228\" srcset=\"https:\/\/www.droppedcc.sk\/wp-content\/uploads\/2025\/11\/DCC-Atelier-2-2819-683x1024.jpg 683w, https:\/\/www.droppedcc.sk\/wp-content\/uploads\/2025\/11\/DCC-Atelier-2-2819-200x300.jpg 200w, https:\/\/www.droppedcc.sk\/wp-content\/uploads\/2025\/11\/DCC-Atelier-2-2819-768x1152.jpg 768w, https:\/\/www.droppedcc.sk\/wp-content\/uploads\/2025\/11\/DCC-Atelier-2-2819-1024x1536.jpg 1024w, https:\/\/www.droppedcc.sk\/wp-content\/uploads\/2025\/11\/DCC-Atelier-2-2819.jpg 1365w\" sizes=\"(max-width: 683px) 100vw, 683px\" \/><figcaption class=\"wp-element-caption\">Tom\u00e1\u0161 Slavkovsk\u00fd<\/figcaption><\/figure>\n\n\n\n<figure class=\"wp-block-image size-large\"><img loading=\"lazy\" decoding=\"async\" width=\"683\" height=\"1024\" data-id=\"114\" src=\"https:\/\/www.droppedcc.sk\/wp-content\/uploads\/2025\/09\/DCC-Atelier-2081_Original-683x1024.jpg\" alt=\"\" class=\"wp-image-114\" srcset=\"https:\/\/www.droppedcc.sk\/wp-content\/uploads\/2025\/09\/DCC-Atelier-2081_Original-683x1024.jpg 683w, https:\/\/www.droppedcc.sk\/wp-content\/uploads\/2025\/09\/DCC-Atelier-2081_Original-200x300.jpg 200w, https:\/\/www.droppedcc.sk\/wp-content\/uploads\/2025\/09\/DCC-Atelier-2081_Original-768x1152.jpg 768w, https:\/\/www.droppedcc.sk\/wp-content\/uploads\/2025\/09\/DCC-Atelier-2081_Original-1024x1536.jpg 1024w, https:\/\/www.droppedcc.sk\/wp-content\/uploads\/2025\/09\/DCC-Atelier-2081_Original.jpg 1365w\" sizes=\"(max-width: 683px) 100vw, 683px\" \/><figcaption class=\"wp-element-caption\">Radovan Ko\u010dvara<\/figcaption><\/figure>\n\n\n\n<figure class=\"wp-block-image size-large\"><img loading=\"lazy\" decoding=\"async\" width=\"683\" height=\"1024\" data-id=\"115\" src=\"https:\/\/www.droppedcc.sk\/wp-content\/uploads\/2025\/09\/DCC-Atelier-2038_Original-683x1024.jpg\" alt=\"\" class=\"wp-image-115\" srcset=\"https:\/\/www.droppedcc.sk\/wp-content\/uploads\/2025\/09\/DCC-Atelier-2038_Original-683x1024.jpg 683w, https:\/\/www.droppedcc.sk\/wp-content\/uploads\/2025\/09\/DCC-Atelier-2038_Original-200x300.jpg 200w, https:\/\/www.droppedcc.sk\/wp-content\/uploads\/2025\/09\/DCC-Atelier-2038_Original-768x1152.jpg 768w, https:\/\/www.droppedcc.sk\/wp-content\/uploads\/2025\/09\/DCC-Atelier-2038_Original-1024x1536.jpg 1024w, https:\/\/www.droppedcc.sk\/wp-content\/uploads\/2025\/09\/DCC-Atelier-2038_Original.jpg 1365w\" sizes=\"(max-width: 683px) 100vw, 683px\" \/><figcaption class=\"wp-element-caption\">Petr Mach<\/figcaption><\/figure>\n<figcaption class=\"blocks-gallery-caption wp-element-caption\">Tom\u00e1\u0161 Slavkovsk\u00fd, Radovan Ko\u010dvara, Petr Mach<\/figcaption><\/figure>\n\n\n\n<figure class=\"wp-block-gallery has-nested-images columns-default is-cropped wp-block-gallery-3 is-layout-flex wp-block-gallery-is-layout-flex\"><figcaption class=\"blocks-gallery-caption wp-element-caption\">Miroslav Bielick\u00fd, Radovan Ko\u010dvara<\/figcaption><\/figure>\n","protected":false},"excerpt":{"rendered":"<p>Pretekov\u00e1 zlo\u017eka t\u00edmu DROPPED CYCLING CLUB<\/p>\n","protected":false},"author":1,"featured_media":0,"parent":59,"menu_order":1,"comment_status":"closed","ping_status":"closed","template":"","meta":{"_monsterinsights_skip_tracking":false,"_monsterinsights_sitenote_active":false,"_monsterinsights_sitenote_note":"","_monsterinsights_sitenote_category":0,"footnotes":""},"yoast_head":"<!-- This site is optimized with the Yoast SEO plugin v23.0 - https:\/\/yoast.com\/wordpress\/plugins\/seo\/ -->\n<title>DCC RACE TEAM - DROPPED CYCLING CLUB<\/title>\n<meta name=\"description\" content=\"Pretek\u00e1rska zlo\u017eka v t\u00edme Dropped Cycling Club, z\u00fa\u010dast\u0148uj\u00faca sa cestn\u00fdch ale aj MTB pretekov na Slovensku a bl\u00edzkom zahrani\u010d\u00ed.\" \/>\n<meta name=\"robots\" content=\"index, follow, max-snippet:-1, max-image-preview:large, max-video-preview:-1\" \/>\n<link rel=\"canonical\" href=\"https:\/\/www.droppedcc.sk\/?page_id=222\" \/>\n<meta property=\"og:locale\" content=\"sk_SK\" \/>\n<meta property=\"og:type\" content=\"article\" \/>\n<meta property=\"og:title\" content=\"DCC RACE TEAM - DROPPED CYCLING CLUB\" \/>\n<meta property=\"og:description\" content=\"Pretek\u00e1rska zlo\u017eka v t\u00edme Dropped Cycling Club, z\u00fa\u010dast\u0148uj\u00faca sa cestn\u00fdch ale aj MTB pretekov na Slovensku a bl\u00edzkom zahrani\u010d\u00ed.\" \/>\n<meta property=\"og:url\" content=\"https:\/\/www.droppedcc.sk\/?page_id=222\" \/>\n<meta property=\"og:site_name\" content=\"DROPPED CYCLING CLUB\" \/>\n<meta property=\"article:modified_time\" content=\"2026-01-07T14:57:20+00:00\" \/>\n<meta property=\"og:image\" content=\"https:\/\/www.droppedcc.sk\/wp-content\/uploads\/2025\/09\/DCC-Atelier-2-2997_Original-1-683x1024.jpg\" \/>\n<meta name=\"twitter:card\" content=\"summary_large_image\" \/>\n<meta name=\"twitter:label1\" content=\"Predpokladan\u00fd \u010das \u010d\u00edtania\" \/>\n\t<meta name=\"twitter:data1\" content=\"2 min\u00faty\" \/>\n<script type=\"application\/ld+json\" class=\"yoast-schema-graph\">{\"@context\":\"https:\/\/schema.org\",\"@graph\":[{\"@type\":\"WebPage\",\"@id\":\"https:\/\/www.droppedcc.sk\/?page_id=222\",\"url\":\"https:\/\/www.droppedcc.sk\/?page_id=222\",\"name\":\"DCC RACE TEAM - DROPPED CYCLING CLUB\",\"isPartOf\":{\"@id\":\"https:\/\/www.droppedcc.sk\/#website\"},\"primaryImageOfPage\":{\"@id\":\"https:\/\/www.droppedcc.sk\/?page_id=222#primaryimage\"},\"image\":{\"@id\":\"https:\/\/www.droppedcc.sk\/?page_id=222#primaryimage\"},\"thumbnailUrl\":\"https:\/\/www.droppedcc.sk\/wp-content\/uploads\/2025\/09\/DCC-Atelier-2-2997_Original-1-683x1024.jpg\",\"datePublished\":\"2025-11-07T20:29:02+00:00\",\"dateModified\":\"2026-01-07T14:57:20+00:00\",\"description\":\"Pretek\u00e1rska zlo\u017eka v t\u00edme Dropped Cycling Club, z\u00fa\u010dast\u0148uj\u00faca sa cestn\u00fdch ale aj MTB pretekov na Slovensku a bl\u00edzkom zahrani\u010d\u00ed.\",\"breadcrumb\":{\"@id\":\"https:\/\/www.droppedcc.sk\/?page_id=222#breadcrumb\"},\"inLanguage\":\"sk-SK\",\"potentialAction\":[{\"@type\":\"ReadAction\",\"target\":[\"https:\/\/www.droppedcc.sk\/?page_id=222\"]}]},{\"@type\":\"ImageObject\",\"inLanguage\":\"sk-SK\",\"@id\":\"https:\/\/www.droppedcc.sk\/?page_id=222#primaryimage\",\"url\":\"https:\/\/www.droppedcc.sk\/wp-content\/uploads\/2025\/09\/DCC-Atelier-2-2997_Original-1.jpg\",\"contentUrl\":\"https:\/\/www.droppedcc.sk\/wp-content\/uploads\/2025\/09\/DCC-Atelier-2-2997_Original-1.jpg\",\"width\":1365,\"height\":2048,\"caption\":\"R\u00f3bert L\u00ed\u0161ka\"},{\"@type\":\"BreadcrumbList\",\"@id\":\"https:\/\/www.droppedcc.sk\/?page_id=222#breadcrumb\",\"itemListElement\":[{\"@type\":\"ListItem\",\"position\":1,\"name\":\"Home\",\"item\":\"https:\/\/www.droppedcc.sk\/\"},{\"@type\":\"ListItem\",\"position\":2,\"name\":\"MEMBERS\",\"item\":\"https:\/\/www.droppedcc.sk\/?page_id=59\"},{\"@type\":\"ListItem\",\"position\":3,\"name\":\"DCC RACE TEAM\"}]},{\"@type\":\"WebSite\",\"@id\":\"https:\/\/www.droppedcc.sk\/#website\",\"url\":\"https:\/\/www.droppedcc.sk\/\",\"name\":\"DROPPED CYCLING CLUB\",\"description\":\"Community builders | Racing riders | Coffee lovers\",\"publisher\":{\"@id\":\"https:\/\/www.droppedcc.sk\/#organization\"},\"potentialAction\":[{\"@type\":\"SearchAction\",\"target\":{\"@type\":\"EntryPoint\",\"urlTemplate\":\"https:\/\/www.droppedcc.sk\/?s={search_term_string}\"},\"query-input\":\"required name=search_term_string\"}],\"inLanguage\":\"sk-SK\"},{\"@type\":\"Organization\",\"@id\":\"https:\/\/www.droppedcc.sk\/#organization\",\"name\":\"DROPPED CYCLING CLUB\",\"url\":\"https:\/\/www.droppedcc.sk\/\",\"logo\":{\"@type\":\"ImageObject\",\"inLanguage\":\"sk-SK\",\"@id\":\"https:\/\/www.droppedcc.sk\/#\/schema\/logo\/image\/\",\"url\":\"https:\/\/www.droppedcc.sk\/wp-content\/uploads\/2023\/05\/cropped-DCClogo-04-1-1.png\",\"contentUrl\":\"https:\/\/www.droppedcc.sk\/wp-content\/uploads\/2023\/05\/cropped-DCClogo-04-1-1.png\",\"width\":250,\"height\":250,\"caption\":\"DROPPED CYCLING CLUB\"},\"image\":{\"@id\":\"https:\/\/www.droppedcc.sk\/#\/schema\/logo\/image\/\"}}]}<\/script>\n<!-- \/ Yoast SEO plugin. -->","yoast_head_json":{"title":"DCC RACE TEAM - DROPPED CYCLING CLUB","description":"Pretek\u00e1rska zlo\u017eka v t\u00edme Dropped Cycling Club, z\u00fa\u010dast\u0148uj\u00faca sa cestn\u00fdch ale aj MTB pretekov na Slovensku a bl\u00edzkom zahrani\u010d\u00ed.","robots":{"index":"index","follow":"follow","max-snippet":"max-snippet:-1","max-image-preview":"max-image-preview:large","max-video-preview":"max-video-preview:-1"},"canonical":"https:\/\/www.droppedcc.sk\/?page_id=222","og_locale":"sk_SK","og_type":"article","og_title":"DCC RACE TEAM - DROPPED CYCLING CLUB","og_description":"Pretek\u00e1rska zlo\u017eka v t\u00edme Dropped Cycling Club, z\u00fa\u010dast\u0148uj\u00faca sa cestn\u00fdch ale aj MTB pretekov na Slovensku a bl\u00edzkom zahrani\u010d\u00ed.","og_url":"https:\/\/www.droppedcc.sk\/?page_id=222","og_site_name":"DROPPED CYCLING CLUB","article_modified_time":"2026-01-07T14:57:20+00:00","og_image":[{"url":"https:\/\/www.droppedcc.sk\/wp-content\/uploads\/2025\/09\/DCC-Atelier-2-2997_Original-1-683x1024.jpg"}],"twitter_card":"summary_large_image","twitter_misc":{"Predpokladan\u00fd \u010das \u010d\u00edtania":"2 min\u00faty"},"schema":{"@context":"https:\/\/schema.org","@graph":[{"@type":"WebPage","@id":"https:\/\/www.droppedcc.sk\/?page_id=222","url":"https:\/\/www.droppedcc.sk\/?page_id=222","name":"DCC RACE TEAM - DROPPED CYCLING CLUB","isPartOf":{"@id":"https:\/\/www.droppedcc.sk\/#website"},"primaryImageOfPage":{"@id":"https:\/\/www.droppedcc.sk\/?page_id=222#primaryimage"},"image":{"@id":"https:\/\/www.droppedcc.sk\/?page_id=222#primaryimage"},"thumbnailUrl":"https:\/\/www.droppedcc.sk\/wp-content\/uploads\/2025\/09\/DCC-Atelier-2-2997_Original-1-683x1024.jpg","datePublished":"2025-11-07T20:29:02+00:00","dateModified":"2026-01-07T14:57:20+00:00","description":"Pretek\u00e1rska zlo\u017eka v t\u00edme Dropped Cycling Club, z\u00fa\u010dast\u0148uj\u00faca sa cestn\u00fdch ale aj MTB pretekov na Slovensku a bl\u00edzkom zahrani\u010d\u00ed.","breadcrumb":{"@id":"https:\/\/www.droppedcc.sk\/?page_id=222#breadcrumb"},"inLanguage":"sk-SK","potentialAction":[{"@type":"ReadAction","target":["https:\/\/www.droppedcc.sk\/?page_id=222"]}]},{"@type":"ImageObject","inLanguage":"sk-SK","@id":"https:\/\/www.droppedcc.sk\/?page_id=222#primaryimage","url":"https:\/\/www.droppedcc.sk\/wp-content\/uploads\/2025\/09\/DCC-Atelier-2-2997_Original-1.jpg","contentUrl":"https:\/\/www.droppedcc.sk\/wp-content\/uploads\/2025\/09\/DCC-Atelier-2-2997_Original-1.jpg","width":1365,"height":2048,"caption":"R\u00f3bert L\u00ed\u0161ka"},{"@type":"BreadcrumbList","@id":"https:\/\/www.droppedcc.sk\/?page_id=222#breadcrumb","itemListElement":[{"@type":"ListItem","position":1,"name":"Home","item":"https:\/\/www.droppedcc.sk\/"},{"@type":"ListItem","position":2,"name":"MEMBERS","item":"https:\/\/www.droppedcc.sk\/?page_id=59"},{"@type":"ListItem","position":3,"name":"DCC RACE TEAM"}]},{"@type":"WebSite","@id":"https:\/\/www.droppedcc.sk\/#website","url":"https:\/\/www.droppedcc.sk\/","name":"DROPPED CYCLING CLUB","description":"Community builders | Racing riders | Coffee lovers","publisher":{"@id":"https:\/\/www.droppedcc.sk\/#organization"},"potentialAction":[{"@type":"SearchAction","target":{"@type":"EntryPoint","urlTemplate":"https:\/\/www.droppedcc.sk\/?s={search_term_string}"},"query-input":"required name=search_term_string"}],"inLanguage":"sk-SK"},{"@type":"Organization","@id":"https:\/\/www.droppedcc.sk\/#organization","name":"DROPPED CYCLING CLUB","url":"https:\/\/www.droppedcc.sk\/","logo":{"@type":"ImageObject","inLanguage":"sk-SK","@id":"https:\/\/www.droppedcc.sk\/#\/schema\/logo\/image\/","url":"https:\/\/www.droppedcc.sk\/wp-content\/uploads\/2023\/05\/cropped-DCClogo-04-1-1.png","contentUrl":"https:\/\/www.droppedcc.sk\/wp-content\/uploads\/2023\/05\/cropped-DCClogo-04-1-1.png","width":250,"height":250,"caption":"DROPPED CYCLING CLUB"},"image":{"@id":"https:\/\/www.droppedcc.sk\/#\/schema\/logo\/image\/"}}]}},"_links":{"self":[{"href":"https:\/\/www.droppedcc.sk\/index.php?rest_route=\/wp\/v2\/pages\/222"}],"collection":[{"href":"https:\/\/www.droppedcc.sk\/index.php?rest_route=\/wp\/v2\/pages"}],"about":[{"href":"https:\/\/www.droppedcc.sk\/index.php?rest_route=\/wp\/v2\/types\/page"}],"author":[{"embeddable":true,"href":"https:\/\/www.droppedcc.sk\/index.php?rest_route=\/wp\/v2\/users\/1"}],"replies":[{"embeddable":true,"href":"https:\/\/www.droppedcc.sk\/index.php?rest_route=%2Fwp%2Fv2%2Fcomments&post=222"}],"version-history":[{"count":2,"href":"https:\/\/www.droppedcc.sk\/index.php?rest_route=\/wp\/v2\/pages\/222\/revisions"}],"predecessor-version":[{"id":236,"href":"https:\/\/www.droppedcc.sk\/index.php?rest_route=\/wp\/v2\/pages\/222\/revisions\/236"}],"up":[{"embeddable":true,"href":"https:\/\/www.droppedcc.sk\/index.php?rest_route=\/wp\/v2\/pages\/59"}],"wp:attachment":[{"href":"https:\/\/www.droppedcc.sk\/index.php?rest_route=%2Fwp%2Fv2%2Fmedia&parent=222"}],"curies":[{"name":"wp","href":"https:\/\/api.w.org\/{rel}","templated":true}]}}